{"id":1059,"date":"2025-03-24T09:52:35","date_gmt":"2025-03-24T09:52:35","guid":{"rendered":"https:\/\/wp.ravextheme.com\/arrox\/?page_id=1059"},"modified":"2026-01-22T15:49:02","modified_gmt":"2026-01-22T15:49:02","slug":"contacto","status":"publish","type":"page","link":"https:\/\/tas.somosfiebre.com\/en\/contacto\/","title":{"rendered":"Contacto"},"content":{"rendered":"<div data-elementor-type=\"wp-page\" data-elementor-id=\"1059\" class=\"elementor elementor-1059\" data-elementor-post-type=\"page\">\n\t\t\t\t<div class=\"elementor-element elementor-element-601535c e-flex e-con-boxed e-con e-parent\" data-id=\"601535c\" data-element_type=\"container\" data-e-type=\"container\" data-settings=\"{&quot;background_background&quot;:&quot;classic&quot;}\">\n\t\t\t\t\t<div class=\"e-con-inner\">\n\t\t<div class=\"elementor-element elementor-element-a52f021 e-con-full e-flex e-con e-child\" data-id=\"a52f021\" data-element_type=\"container\" data-e-type=\"container\">\n\t\t\t\t<div class=\"elementor-element elementor-element-95e42ea fade-anim rd-inner-pg-title elementor-widget elementor-widget-heading\" data-id=\"95e42ea\" data-element_type=\"widget\" data-e-type=\"widget\" data-widget_type=\"heading.default\">\n\t\t\t\t\t<h1 class=\"elementor-heading-title elementor-size-default\">Contacto<\/h1>\t\t\t\t<\/div>\n\t\t\t\t<\/div>\n\t\t\t\t\t<\/div>\n\t\t\t\t<\/div>\n\t\t<div class=\"elementor-element elementor-element-6a9bbfc e-flex e-con-boxed e-con e-parent\" data-id=\"6a9bbfc\" data-element_type=\"container\" data-e-type=\"container\" data-settings=\"{&quot;background_background&quot;:&quot;classic&quot;}\">\n\t\t\t\t\t<div class=\"e-con-inner\">\n\t\t<div class=\"elementor-element elementor-element-05a5e0d e-con-full e-flex e-con e-child\" data-id=\"05a5e0d\" data-element_type=\"container\" data-e-type=\"container\">\n\t\t<div class=\"elementor-element elementor-element-3058e2b e-con-full e-flex e-con e-child\" data-id=\"3058e2b\" data-element_type=\"container\" data-e-type=\"container\">\n\t\t\t\t<div class=\"elementor-element elementor-element-ac16cb3 fade-anim elementor-widget elementor-widget-heading\" data-id=\"ac16cb3\" data-element_type=\"widget\" data-e-type=\"widget\" data-widget_type=\"heading.default\">\n\t\t\t\t\t<span class=\"elementor-heading-title elementor-size-default\">\u00bfHablamos?<\/span>\t\t\t\t<\/div>\n\t\t\t\t<\/div>\n\t\t<div class=\"elementor-element elementor-element-0107473 e-con-full e-flex e-con e-child\" data-id=\"0107473\" data-element_type=\"container\" data-e-type=\"container\">\n\t\t\t\t<div class=\"elementor-element elementor-element-2a4c210 fade-anim elementor-widget__width-initial elementor-widget elementor-widget-heading\" data-id=\"2a4c210\" data-element_type=\"widget\" data-e-type=\"widget\" data-widget_type=\"heading.default\">\n\t\t\t\t\t<h2 class=\"elementor-heading-title elementor-size-default\">Cada joya comienza con una conversaci\u00f3n<\/h2>\t\t\t\t<\/div>\n\t\t\t\t<\/div>\n\t\t\t\t<\/div>\n\t\t\t\t\t<\/div>\n\t\t\t\t<\/div>\n\t\t<div class=\"elementor-element elementor-element-aa17540 e-flex e-con-boxed e-con e-parent\" data-id=\"aa17540\" data-element_type=\"container\" data-e-type=\"container\" data-settings=\"{&quot;background_background&quot;:&quot;classic&quot;}\">\n\t\t\t\t\t<div class=\"e-con-inner\">\n\t\t<div class=\"elementor-element elementor-element-97ae012 e-con-full e-flex e-con e-child\" data-id=\"97ae012\" data-element_type=\"container\" data-e-type=\"container\">\n\t\t\t\t<div class=\"elementor-element elementor-element-5d4e966 fade-anim elementor-widget elementor-widget-heading\" data-id=\"5d4e966\" data-element_type=\"widget\" data-e-type=\"widget\" data-widget_type=\"heading.default\">\n\t\t\t\t\t<span class=\"elementor-heading-title elementor-size-default\">Contacto<\/span>\t\t\t\t<\/div>\n\t\t\t\t<div class=\"elementor-element elementor-element-e3851b2 fade-anim elementor-widget__width-initial elementor-widget elementor-widget-heading\" data-id=\"e3851b2\" data-element_type=\"widget\" data-e-type=\"widget\" data-widget_type=\"heading.default\">\n\t\t\t\t\t<h3 class=\"elementor-heading-title elementor-size-default\">Puedes escribirnos, llamarnos o visitar nuestro taller<\/h3>\t\t\t\t<\/div>\n\t\t\t\t<div class=\"elementor-element elementor-element-6574745 fade-anim elementor-widget elementor-widget-rt-footer-anchor\" data-id=\"6574745\" data-element_type=\"widget\" data-e-type=\"widget\" data-widget_type=\"rt-footer-anchor.default\">\n\t\t\t\t<div class=\"elementor-widget-container\">\n\t\t\t\t\t\r\n    \r\n            <div class=\"rt-footer-anchor-wrap rt-el-section\">\r\n        <div class=\"rt-footer-link\">\r\n          <a class=\"rt-el-text\" href=\"\">Email:<\/a>\r\n        <\/div>\r\n      <\/div>\r\n      \t\t\t\t<\/div>\n\t\t\t\t<\/div>\n\t\t\t\t<div class=\"elementor-element elementor-element-c028aa5 fade-anim elementor-widget elementor-widget-rt-footer-anchor\" data-id=\"c028aa5\" data-element_type=\"widget\" data-e-type=\"widget\" data-widget_type=\"rt-footer-anchor.default\">\n\t\t\t\t<div class=\"elementor-widget-container\">\n\t\t\t\t\t\r\n    \r\n            <div class=\"rt-footer-anchor-wrap rt-el-section\">\r\n        <div class=\"rt-footer-link\">\r\n          <a class=\"rt-el-text\" href=\"mailto:tas@tasjoyas.com\">tas@tasjoyas.com<\/a>\r\n        <\/div>\r\n      <\/div>\r\n      \t\t\t\t<\/div>\n\t\t\t\t<\/div>\n\t\t\t\t<div class=\"elementor-element elementor-element-311efaa fade-anim elementor-widget elementor-widget-rt-footer-anchor\" data-id=\"311efaa\" data-element_type=\"widget\" data-e-type=\"widget\" data-widget_type=\"rt-footer-anchor.default\">\n\t\t\t\t<div class=\"elementor-widget-container\">\n\t\t\t\t\t\r\n    \r\n            <div class=\"rt-footer-anchor-wrap rt-el-section\">\r\n        <div class=\"rt-footer-link\">\r\n          <a class=\"rt-el-text\" href=\"\">Tel\u00e9fono:<\/a>\r\n        <\/div>\r\n      <\/div>\r\n      \t\t\t\t<\/div>\n\t\t\t\t<\/div>\n\t\t\t\t<div class=\"elementor-element elementor-element-2c0d8f2 fade-anim elementor-widget elementor-widget-rt-footer-anchor\" data-id=\"2c0d8f2\" data-element_type=\"widget\" data-e-type=\"widget\" data-widget_type=\"rt-footer-anchor.default\">\n\t\t\t\t<div class=\"elementor-widget-container\">\n\t\t\t\t\t\r\n    \r\n            <div class=\"rt-footer-anchor-wrap rt-el-section\">\r\n        <div class=\"rt-footer-link\">\r\n          <a class=\"rt-el-text\" href=\"tel:987273870\">987 273 870<\/a>\r\n        <\/div>\r\n      <\/div>\r\n      \t\t\t\t<\/div>\n\t\t\t\t<\/div>\n\t\t\t\t<div class=\"elementor-element elementor-element-baa1eab fade-anim elementor-widget elementor-widget-rt-footer-anchor\" data-id=\"baa1eab\" data-element_type=\"widget\" data-e-type=\"widget\" data-widget_type=\"rt-footer-anchor.default\">\n\t\t\t\t<div class=\"elementor-widget-container\">\n\t\t\t\t\t\r\n    \r\n            <div class=\"rt-footer-anchor-wrap rt-el-section\">\r\n        <div class=\"rt-footer-link\">\r\n          <a class=\"rt-el-text\" href=\"\">Direcci\u00f3n:<\/a>\r\n        <\/div>\r\n      <\/div>\r\n      \t\t\t\t<\/div>\n\t\t\t\t<\/div>\n\t\t\t\t<div class=\"elementor-element elementor-element-c91e644 fade-anim elementor-widget elementor-widget-rt-footer-anchor\" data-id=\"c91e644\" data-element_type=\"widget\" data-e-type=\"widget\" data-widget_type=\"rt-footer-anchor.default\">\n\t\t\t\t<div class=\"elementor-widget-container\">\n\t\t\t\t\t\r\n    \r\n            <div class=\"rt-footer-anchor-wrap rt-el-section\">\r\n        <div class=\"rt-footer-link\">\r\n          <a class=\"rt-el-text\" href=\"\">C\/ Cervantes, 2 - 24003 Le\u00f3n<\/a>\r\n        <\/div>\r\n      <\/div>\r\n      \t\t\t\t<\/div>\n\t\t\t\t<\/div>\n\t\t\t\t<\/div>\n\t\t<div class=\"elementor-element elementor-element-2d7922d e-con-full e-flex e-con e-child\" data-id=\"2d7922d\" data-element_type=\"container\" data-e-type=\"container\">\n\t\t\t\t<div class=\"elementor-element elementor-element-3f027a5 elementor-invisible elementor-widget elementor-widget-image\" data-id=\"3f027a5\" data-element_type=\"widget\" data-e-type=\"widget\" data-settings=\"{&quot;_animation&quot;:&quot;fadeInRight&quot;}\" data-widget_type=\"image.default\">\n\t\t\t\t\t\t\t\t\t\t\t\t\t\t\t<img fetchpriority=\"high\" decoding=\"async\" width=\"2560\" height=\"1389\" src=\"https:\/\/tas.somosfiebre.com\/wp-content\/uploads\/2026\/01\/joyeria_tas_piezas_artesanales-scaled.webp\" class=\"attachment-full size-full wp-image-18517\" alt=\"\" \/>\t\t\t\t\t\t\t\t\t\t\t\t\t\t\t<\/div>\n\t\t\t\t<\/div>\n\t\t\t\t\t<\/div>\n\t\t\t\t<\/div>\n\t\t\t\t<\/div>","protected":false},"excerpt":{"rendered":"<p>Contacto \u00bfHablamos? Cada joya comienza con una conversaci\u00f3n Contacto Puedes escribirnos, llamarnos o visitar nuestro taller Email: tas@tasjoyas.com Tel\u00e9fono: 987 273 870 Direcci\u00f3n: C\/ Cervantes, 2 &#8211; 24003 Le\u00f3n<\/p>","protected":false},"author":1,"featured_media":0,"parent":0,"menu_order":0,"comment_status":"closed","ping_status":"closed","template":"elementor_header_footer","meta":{"footnotes":""},"class_list":["post-1059","page","type-page","status-publish","hentry"],"aioseo_notices":[],"_links":{"self":[{"href":"https:\/\/tas.somosfiebre.com\/en\/wp-json\/wp\/v2\/pages\/1059","targetHints":{"allow":["GET"]}}],"collection":[{"href":"https:\/\/tas.somosfiebre.com\/en\/wp-json\/wp\/v2\/pages"}],"about":[{"href":"https:\/\/tas.somosfiebre.com\/en\/wp-json\/wp\/v2\/types\/page"}],"author":[{"embeddable":true,"href":"https:\/\/tas.somosfiebre.com\/en\/wp-json\/wp\/v2\/users\/1"}],"replies":[{"embeddable":true,"href":"https:\/\/tas.somosfiebre.com\/en\/wp-json\/wp\/v2\/comments?post=1059"}],"version-history":[{"count":19,"href":"https:\/\/tas.somosfiebre.com\/en\/wp-json\/wp\/v2\/pages\/1059\/revisions"}],"predecessor-version":[{"id":18766,"href":"https:\/\/tas.somosfiebre.com\/en\/wp-json\/wp\/v2\/pages\/1059\/revisions\/18766"}],"wp:attachment":[{"href":"https:\/\/tas.somosfiebre.com\/en\/wp-json\/wp\/v2\/media?parent=1059"}],"curies":[{"name":"wp","href":"https:\/\/api.w.org\/{rel}","templated":true}]}}