{"id":1063,"date":"2025-03-24T09:53:27","date_gmt":"2025-03-24T09:53:27","guid":{"rendered":"https:\/\/wp.ravextheme.com\/arrox\/?page_id=1063"},"modified":"2026-01-22T15:46:59","modified_gmt":"2026-01-22T15:46:59","slug":"joyas-tas","status":"publish","type":"page","link":"https:\/\/tas.somosfiebre.com\/en\/joyas-tas\/","title":{"rendered":"Joyas Tas"},"content":{"rendered":"<div data-elementor-type=\"wp-page\" data-elementor-id=\"1063\" class=\"elementor elementor-1063\" data-elementor-post-type=\"page\">\n\t\t\t\t<div class=\"elementor-element elementor-element-950681d e-flex e-con-boxed e-con e-parent\" data-id=\"950681d\" data-element_type=\"container\" data-e-type=\"container\" data-settings=\"{&quot;background_background&quot;:&quot;classic&quot;}\">\n\t\t\t\t\t<div class=\"e-con-inner\">\n\t\t<div class=\"elementor-element elementor-element-78a4319 e-con-full e-flex e-con e-child\" data-id=\"78a4319\" data-element_type=\"container\" data-e-type=\"container\">\n\t\t\t\t<div class=\"elementor-element elementor-element-6014351 fade-anim rd-inner-pg-title elementor-widget elementor-widget-heading\" data-id=\"6014351\" data-element_type=\"widget\" data-e-type=\"widget\" data-widget_type=\"heading.default\">\n\t\t\t\t\t<h1 class=\"elementor-heading-title elementor-size-default\">Desde 1994<\/h1>\t\t\t\t<\/div>\n\t\t\t\t<\/div>\n\t\t\t\t\t<\/div>\n\t\t\t\t<\/div>\n\t\t<div class=\"elementor-element elementor-element-0b4de83 elementor-hidden-widescreen elementor-hidden-desktop elementor-hidden-laptop elementor-hidden-tablet_extra elementor-hidden-tablet elementor-hidden-mobile_extra elementor-hidden-mobile e-flex e-con-boxed e-con e-parent\" data-id=\"0b4de83\" data-element_type=\"container\" data-e-type=\"container\" data-settings=\"{&quot;background_background&quot;:&quot;classic&quot;}\">\n\t\t\t\t\t<div class=\"e-con-inner\">\n\t\t<div class=\"elementor-element elementor-element-0a731bb e-con-full e-flex e-con e-child\" data-id=\"0a731bb\" data-element_type=\"container\" data-e-type=\"container\">\n\t\t<div class=\"elementor-element elementor-element-d1477da e-con-full e-flex e-con e-child\" data-id=\"d1477da\" data-element_type=\"container\" data-e-type=\"container\">\n\t\t\t\t<div class=\"elementor-element elementor-element-645ad77 fade-anim elementor-widget elementor-widget-heading\" data-id=\"645ad77\" data-element_type=\"widget\" data-e-type=\"widget\" data-widget_type=\"heading.default\">\n\t\t\t\t\t<span class=\"elementor-heading-title elementor-size-default\">Joyer\u00eda Tas<\/span>\t\t\t\t<\/div>\n\t\t\t\t<\/div>\n\t\t<div class=\"elementor-element elementor-element-e0af2aa e-con-full e-flex e-con e-child\" data-id=\"e0af2aa\" data-element_type=\"container\" data-e-type=\"container\">\n\t\t\t\t<div class=\"elementor-element elementor-element-1838393 fade-anim elementor-widget__width-initial elementor-widget elementor-widget-heading\" data-id=\"1838393\" data-element_type=\"widget\" data-e-type=\"widget\" data-widget_type=\"heading.default\">\n\t\t\t\t\t<h2 class=\"elementor-heading-title elementor-size-default\">Creando en Le\u00f3n joyas artesanales a partir de materiales preciosos y m\u00e9todos tradicionales.<\/h2>\t\t\t\t<\/div>\n\t\t<div class=\"elementor-element elementor-element-4a7f036 e-con-full e-flex e-con e-child\" data-id=\"4a7f036\" data-element_type=\"container\" data-e-type=\"container\">\n\t\t<div class=\"elementor-element elementor-element-7320c24 e-con-full e-flex e-con e-child\" data-id=\"7320c24\" data-element_type=\"container\" data-e-type=\"container\">\n\t\t\t\t<div class=\"elementor-element elementor-element-9add1d4 fade-anim elementor-icon-list--layout-traditional elementor-list-item-link-full_width elementor-widget elementor-widget-icon-list\" data-id=\"9add1d4\" data-element_type=\"widget\" data-e-type=\"widget\" data-widget_type=\"icon-list.default\">\n\t\t\t\t\t\t\t<ul class=\"elementor-icon-list-items\">\n\t\t\t\t\t\t\t<li class=\"elementor-icon-list-item\">\n\t\t\t\t\t\t\t\t\t\t\t<span class=\"elementor-icon-list-icon\">\n\t\t\t\t\t\t\t<i aria-hidden=\"true\" class=\"fas fa-square-full\"><\/i>\t\t\t\t\t\t<\/span>\n\t\t\t\t\t\t\t\t\t\t<span class=\"elementor-icon-list-text\">Piezas \u00fanicas y originales<\/span>\n\t\t\t\t\t\t\t\t\t<\/li>\n\t\t\t\t\t\t\t\t<li class=\"elementor-icon-list-item\">\n\t\t\t\t\t\t\t\t\t\t\t<span class=\"elementor-icon-list-icon\">\n\t\t\t\t\t\t\t<i aria-hidden=\"true\" class=\"fas fa-square-full\"><\/i>\t\t\t\t\t\t<\/span>\n\t\t\t\t\t\t\t\t\t\t<span class=\"elementor-icon-list-text\">De m\u00e1xima calidad<\/span>\n\t\t\t\t\t\t\t\t\t<\/li>\n\t\t\t\t\t\t\t\t<li class=\"elementor-icon-list-item\">\n\t\t\t\t\t\t\t\t\t\t\t<span class=\"elementor-icon-list-icon\">\n\t\t\t\t\t\t\t<i aria-hidden=\"true\" class=\"fas fa-square-full\"><\/i>\t\t\t\t\t\t<\/span>\n\t\t\t\t\t\t\t\t\t\t<span class=\"elementor-icon-list-text\">Fabricadas de forma artesanal<\/span>\n\t\t\t\t\t\t\t\t\t<\/li>\n\t\t\t\t\t\t<\/ul>\n\t\t\t\t\t\t<\/div>\n\t\t\t\t<\/div>\n\t\t<div class=\"elementor-element elementor-element-981feee e-con-full e-flex e-con e-child\" data-id=\"981feee\" data-element_type=\"container\" data-e-type=\"container\">\n\t\t\t\t<div class=\"elementor-element elementor-element-1c79723 fade-anim elementor-widget elementor-widget-text-editor\" data-id=\"1c79723\" data-element_type=\"widget\" data-e-type=\"widget\" data-widget_type=\"text-editor.default\">\n\t\t\t\t\t\t\t\t\tLa joyer\u00eda tiene que expresar individualidad, poder adaptarse al presente y ser atemporal.\t\t\t\t\t\t\t\t<\/div>\n\t\t<div class=\"elementor-element elementor-element-b20f2e3 e-con-full e-flex e-con e-child\" data-id=\"b20f2e3\" data-element_type=\"container\" data-e-type=\"container\">\n\t\t\t\t<div class=\"elementor-element elementor-element-93a2010 fade-anim elementor-widget elementor-widget-text-editor\" data-id=\"93a2010\" data-element_type=\"widget\" data-e-type=\"widget\" data-widget_type=\"text-editor.default\">\n\t\t\t\t\t\t\t\t\t<p><span style=\"color: #ffffff;\">Debe atraer al intelecto e ir directa al coraz\u00f3n. Llevamos m\u00e1s de tres d\u00e9cadas haciendo joyas contempor\u00e1neas y de m\u00e1xima calidad.<\/span><\/p>\t\t\t\t\t\t\t\t<\/div>\n\t\t\t\t<\/div>\n\t\t\t\t<\/div>\n\t\t\t\t<\/div>\n\t\t\t\t<\/div>\n\t\t\t\t<\/div>\n\t\t\t\t\t<\/div>\n\t\t\t\t<\/div>\n\t\t<div class=\"elementor-element elementor-element-6717095 e-flex e-con-boxed e-con e-parent\" data-id=\"6717095\" data-element_type=\"container\" data-e-type=\"container\" data-settings=\"{&quot;background_background&quot;:&quot;classic&quot;}\">\n\t\t\t\t\t<div class=\"e-con-inner\">\n\t\t<div class=\"elementor-element elementor-element-1dc3d68 e-con-full e-flex e-con e-child\" data-id=\"1dc3d68\" data-element_type=\"container\" data-e-type=\"container\">\n\t\t<div class=\"elementor-element elementor-element-2cb77a4 e-con-full e-flex e-con e-child\" data-id=\"2cb77a4\" data-element_type=\"container\" data-e-type=\"container\">\n\t\t\t\t<div class=\"elementor-element elementor-element-b4fdf54 fade-anim elementor-widget elementor-widget-heading\" data-id=\"b4fdf54\" data-element_type=\"widget\" data-e-type=\"widget\" data-widget_type=\"heading.default\">\n\t\t\t\t\t<span class=\"elementor-heading-title elementor-size-default\">Joyer\u00eda Tas<\/span>\t\t\t\t<\/div>\n\t\t\t\t<div class=\"elementor-element elementor-element-9ecd4f3 elementor-widget elementor-widget-arrox-image\" data-id=\"9ecd4f3\" data-element_type=\"widget\" data-e-type=\"widget\" data-settings=\"{&quot;arrox_anima_type&quot;:&quot;parallax-view&quot;}\" data-widget_type=\"arrox-image.default\">\n\t\t\t\t<div class=\"elementor-widget-container\">\n\t\t\t\t\t\r\n\t\t\t\t\t\t<div class=\"image-wrapper arrox-el-image parallax-view\">\r\n        \t<img decoding=\"async\" class=\"w-100\" src=\"https:\/\/tas.somosfiebre.com\/wp-content\/uploads\/2026\/01\/joyeria_tas_joyas_artesanas.webp\" alt=\"\" data-speed=\"0.70\">\r\n        <\/div>\r\n\t\t\r\n\t\t\t\t\t\t<\/div>\n\t\t\t\t<\/div>\n\t\t\t\t<\/div>\n\t\t<div class=\"elementor-element elementor-element-dd9530c e-con-full e-flex e-con e-child\" data-id=\"dd9530c\" data-element_type=\"container\" data-e-type=\"container\">\n\t\t\t\t<div class=\"elementor-element elementor-element-ed9c250 fade-anim elementor-widget__width-initial elementor-widget elementor-widget-heading\" data-id=\"ed9c250\" data-element_type=\"widget\" data-e-type=\"widget\" data-widget_type=\"heading.default\">\n\t\t\t\t\t<h2 class=\"elementor-heading-title elementor-size-default\">Creando en Le\u00f3n joyas artesanales a partir de materiales preciosos y m\u00e9todos tradicionales.<\/h2>\t\t\t\t<\/div>\n\t\t<div class=\"elementor-element elementor-element-9f8df35 e-con-full e-flex e-con e-child\" data-id=\"9f8df35\" data-element_type=\"container\" data-e-type=\"container\">\n\t\t<div class=\"elementor-element elementor-element-939565c e-con-full e-flex e-con e-child\" data-id=\"939565c\" data-element_type=\"container\" data-e-type=\"container\">\n\t\t\t\t<div class=\"elementor-element elementor-element-918d253 fade-anim elementor-icon-list--layout-traditional elementor-list-item-link-full_width elementor-widget elementor-widget-icon-list\" data-id=\"918d253\" data-element_type=\"widget\" data-e-type=\"widget\" data-widget_type=\"icon-list.default\">\n\t\t\t\t\t\t\t<ul class=\"elementor-icon-list-items\">\n\t\t\t\t\t\t\t<li class=\"elementor-icon-list-item\">\n\t\t\t\t\t\t\t\t\t\t\t<span class=\"elementor-icon-list-icon\">\n\t\t\t\t\t\t\t<i aria-hidden=\"true\" class=\"fas fa-square-full\"><\/i>\t\t\t\t\t\t<\/span>\n\t\t\t\t\t\t\t\t\t\t<span class=\"elementor-icon-list-text\">Piezas \u00fanicas y originales<\/span>\n\t\t\t\t\t\t\t\t\t<\/li>\n\t\t\t\t\t\t\t\t<li class=\"elementor-icon-list-item\">\n\t\t\t\t\t\t\t\t\t\t\t<span class=\"elementor-icon-list-icon\">\n\t\t\t\t\t\t\t<i aria-hidden=\"true\" class=\"fas fa-square-full\"><\/i>\t\t\t\t\t\t<\/span>\n\t\t\t\t\t\t\t\t\t\t<span class=\"elementor-icon-list-text\">De m\u00e1xima calidad<\/span>\n\t\t\t\t\t\t\t\t\t<\/li>\n\t\t\t\t\t\t\t\t<li class=\"elementor-icon-list-item\">\n\t\t\t\t\t\t\t\t\t\t\t<span class=\"elementor-icon-list-icon\">\n\t\t\t\t\t\t\t<i aria-hidden=\"true\" class=\"fas fa-square-full\"><\/i>\t\t\t\t\t\t<\/span>\n\t\t\t\t\t\t\t\t\t\t<span class=\"elementor-icon-list-text\">Fabricadas de forma artesanal<\/span>\n\t\t\t\t\t\t\t\t\t<\/li>\n\t\t\t\t\t\t<\/ul>\n\t\t\t\t\t\t<\/div>\n\t\t\t\t<\/div>\n\t\t<div class=\"elementor-element elementor-element-2f1c6e5 e-con-full e-flex e-con e-child\" data-id=\"2f1c6e5\" data-element_type=\"container\" data-e-type=\"container\">\n\t\t\t\t<div class=\"elementor-element elementor-element-0536cb7 fade-anim elementor-widget elementor-widget-text-editor\" data-id=\"0536cb7\" data-element_type=\"widget\" data-e-type=\"widget\" data-widget_type=\"text-editor.default\">\n\t\t\t\t\t\t\t\t\tLa joyer\u00eda tiene que expresar individualidad, poder adaptarse al presente y ser atemporal.\t\t\t\t\t\t\t\t<\/div>\n\t\t<div class=\"elementor-element elementor-element-c41a97d e-con-full e-flex e-con e-child\" data-id=\"c41a97d\" data-element_type=\"container\" data-e-type=\"container\">\n\t\t\t\t<div class=\"elementor-element elementor-element-6412154 fade-anim elementor-widget elementor-widget-text-editor\" data-id=\"6412154\" data-element_type=\"widget\" data-e-type=\"widget\" data-widget_type=\"text-editor.default\">\n\t\t\t\t\t\t\t\t\t<p><span style=\"color: #ffffff;\">Debe atraer al intelecto e ir directa al coraz\u00f3n. Llevamos m\u00e1s de tres d\u00e9cadas haciendo joyas contempor\u00e1neas y de m\u00e1xima calidad.<\/span><\/p>\t\t\t\t\t\t\t\t<\/div>\n\t\t\t\t<\/div>\n\t\t\t\t<\/div>\n\t\t\t\t<\/div>\n\t\t\t\t<\/div>\n\t\t\t\t<\/div>\n\t\t\t\t\t<\/div>\n\t\t\t\t<\/div>\n\t\t<div class=\"elementor-element elementor-element-2a294cb elementor-hidden-widescreen elementor-hidden-desktop elementor-hidden-laptop elementor-hidden-tablet_extra elementor-hidden-tablet elementor-hidden-mobile_extra elementor-hidden-mobile e-flex e-con-boxed e-con e-child\" data-id=\"2a294cb\" data-element_type=\"container\" data-e-type=\"container\" data-settings=\"{&quot;background_background&quot;:&quot;classic&quot;}\">\n\t\t\t\t\t<div class=\"e-con-inner\">\n\t\t<div class=\"elementor-element elementor-element-4cfc7b2 e-con-full e-flex e-con e-child\" data-id=\"4cfc7b2\" data-element_type=\"container\" data-e-type=\"container\">\n\t\t<div class=\"elementor-element elementor-element-8fa523d e-con-full elementor-hidden-mobile_extra elementor-hidden-mobile e-flex e-con e-child\" data-id=\"8fa523d\" data-element_type=\"container\" data-e-type=\"container\">\n\t\t\t\t<\/div>\n\t\t<div class=\"elementor-element elementor-element-8e3cdc9 e-con-full e-flex e-con e-child\" data-id=\"8e3cdc9\" data-element_type=\"container\" data-e-type=\"container\">\n\t\t\t\t<div class=\"elementor-element elementor-element-063fd2f elementor-widget elementor-widget-arrox-image\" data-id=\"063fd2f\" data-element_type=\"widget\" data-e-type=\"widget\" data-settings=\"{&quot;arrox_anima_type&quot;:&quot;parallax-view&quot;}\" data-widget_type=\"arrox-image.default\">\n\t\t\t\t<div class=\"elementor-widget-container\">\n\t\t\t\t\t\r\n\t\t\t\t\t\t<div class=\"image-wrapper arrox-el-image parallax-view\">\r\n        \t<img decoding=\"async\" class=\"w-100\" src=\"https:\/\/tas.somosfiebre.com\/wp-content\/uploads\/2026\/01\/joyeria_tas_joyas_artesanas.webp\" alt=\"\" data-speed=\"0.70\">\r\n        <\/div>\r\n\t\t\r\n\t\t\t\t\t\t<\/div>\n\t\t\t\t<\/div>\n\t\t\t\t<\/div>\n\t\t\t\t<\/div>\n\t\t\t\t\t<\/div>\n\t\t\t\t<\/div>\n\t\t<div class=\"elementor-element elementor-element-690b114 e-con-full e-flex e-con e-parent\" data-id=\"690b114\" data-element_type=\"container\" data-e-type=\"container\" data-settings=\"{&quot;background_background&quot;:&quot;classic&quot;}\">\n\t\t<div class=\"elementor-element elementor-element-74becfc e-flex e-con-boxed e-con e-child\" data-id=\"74becfc\" data-element_type=\"container\" data-e-type=\"container\">\n\t\t\t\t\t<div class=\"e-con-inner\">\n\t\t\t\t<div class=\"elementor-element elementor-element-5694bc9 elementor-widget elementor-widget-arrox-hero-animated-title\" data-id=\"5694bc9\" data-element_type=\"widget\" data-e-type=\"widget\" data-widget_type=\"arrox-hero-animated-title.default\">\n\t\t\t\t<div class=\"elementor-widget-container\">\n\t\t\t\t\t\r\n\t\t\t\t<div class=\"hero-area-3 arrox-el-section\">\r\n\t\t\t<div class=\"hero-area-3-inner\">\r\n\t\t\t\t<div class=\"section-header\">\r\n\t\t\t\t\t<div class=\"section-title-wrapper\">\r\n\t\t\t\t\t\t<div class=\"title-wrapper\">\r\n\t\t\t\t\t\t\t<h1 class=\"arrox-el-title section-title font-sequelsans-romanbody fade-anim\" data-delay=\"0.45\">\r\n\t\t\t\t\t\t\t\t\t\t\t\t\t\t\t\t\tDonde el oficio<br>\t\t\t\t\t\t\t\t\t\t\t\t\t\t\t\t\r\n\t\t\t\t\t\t\t\t\t\t\t\t\t\t\t\t\tsigue vivo\t\t\t\t\t\t\t\t\r\n\t\t\t\t\t\t\t\t<span class=\"arrox-el-hover-title text-underline hover-image-wrpper\" data-label=\"activewear\">\r\n\t\t\t\t\t\t\t\t\t\t\t\t\t\t\t\t\t\t\t\t\t\t\t\t\t\t<\/span>\r\n\r\n\t\t\t\t\t\t\t\t\t\t\t\t\t\t\t<\/h1>\r\n\t\t\t\t\t\t<\/div>\r\n\t\t\t\t\t<\/div>\r\n\t\t\t\t<\/div>\r\n\t\t\t<\/div>\r\n        <\/div>\r\n\r\n\t\t\t\t\t\t<\/div>\n\t\t\t\t<\/div>\n\t\t\t\t\t<\/div>\n\t\t\t\t<\/div>\n\t\t<div class=\"elementor-element elementor-element-e8262b9 e-grid e-con-boxed e-con e-child\" data-id=\"e8262b9\" data-element_type=\"container\" data-e-type=\"container\">\n\t\t\t\t\t<div class=\"e-con-inner\">\n\t\t<div class=\"elementor-element elementor-element-9b1a704 e-con-full e-flex e-con e-child\" data-id=\"9b1a704\" data-element_type=\"container\" data-e-type=\"container\">\n\t\t\t\t<div class=\"elementor-element elementor-element-413d046 elementor-widget__width-inherit elementor-widget elementor-widget-image\" data-id=\"413d046\" data-element_type=\"widget\" data-e-type=\"widget\" data-widget_type=\"image.default\">\n\t\t\t\t\t\t\t\t\t\t\t\t\t\t\t<img fetchpriority=\"high\" decoding=\"async\" width=\"2183\" height=\"1581\" src=\"https:\/\/tas.somosfiebre.com\/wp-content\/uploads\/2026\/01\/joyeria_tas_anillos_artesanos.webp\" class=\"attachment-full size-full wp-image-18833\" alt=\"\" \/>\t\t\t\t\t\t\t\t\t\t\t\t\t\t\t<\/div>\n\t\t\t\t<\/div>\n\t\t<div class=\"elementor-element elementor-element-565cbea e-con-full e-flex e-con e-child\" data-id=\"565cbea\" data-element_type=\"container\" data-e-type=\"container\">\n\t\t\t\t<div class=\"elementor-element elementor-element-af3af8a elementor-widget elementor-widget-image\" data-id=\"af3af8a\" data-element_type=\"widget\" data-e-type=\"widget\" data-widget_type=\"image.default\">\n\t\t\t\t\t\t\t\t\t\t\t\t\t\t\t<img decoding=\"async\" width=\"2184\" height=\"1581\" src=\"https:\/\/tas.somosfiebre.com\/wp-content\/uploads\/2026\/01\/joyeria_tas_colgantes_artesanos.webp\" class=\"attachment-full size-full wp-image-18831\" alt=\"\" \/>\t\t\t\t\t\t\t\t\t\t\t\t\t\t\t<\/div>\n\t\t\t\t<\/div>\n\t\t<div class=\"elementor-element elementor-element-c5793e1 e-con-full e-flex e-con e-child\" data-id=\"c5793e1\" data-element_type=\"container\" data-e-type=\"container\">\n\t\t\t\t<div class=\"elementor-element elementor-element-021eb0a elementor-widget elementor-widget-image\" data-id=\"021eb0a\" data-element_type=\"widget\" data-e-type=\"widget\" data-widget_type=\"image.default\">\n\t\t\t\t\t\t\t\t\t\t\t\t\t\t\t<img decoding=\"async\" width=\"2183\" height=\"1581\" src=\"https:\/\/tas.somosfiebre.com\/wp-content\/uploads\/2026\/01\/joyeria_tas_pendientes_artesanos.webp\" class=\"attachment-full size-full wp-image-18832\" alt=\"\" \/>\t\t\t\t\t\t\t\t\t\t\t\t\t\t\t<\/div>\n\t\t\t\t<\/div>\n\t\t\t\t\t<\/div>\n\t\t\t\t<\/div>\n\t\t\t\t<\/div>\n\t\t\t\t<\/div>","protected":false},"excerpt":{"rendered":"<p>Desde 1994 Joyer\u00eda Tas Creando en Le\u00f3n joyas artesanales a partir de materiales preciosos y m\u00e9todos tradicionales. Piezas \u00fanicas y originales De m\u00e1xima calidad Fabricadas de forma artesanal La joyer\u00eda tiene que expresar individualidad, poder adaptarse al presente y ser atemporal. Debe atraer al intelecto e ir directa al coraz\u00f3n. Llevamos m\u00e1s de tres d\u00e9cadas [&hellip;]<\/p>\n","protected":false},"author":1,"featured_media":0,"parent":0,"menu_order":0,"comment_status":"closed","ping_status":"closed","template":"elementor_header_footer","meta":{"footnotes":""},"class_list":["post-1063","page","type-page","status-publish","hentry"],"aioseo_notices":[],"_links":{"self":[{"href":"https:\/\/tas.somosfiebre.com\/en\/wp-json\/wp\/v2\/pages\/1063","targetHints":{"allow":["GET"]}}],"collection":[{"href":"https:\/\/tas.somosfiebre.com\/en\/wp-json\/wp\/v2\/pages"}],"about":[{"href":"https:\/\/tas.somosfiebre.com\/en\/wp-json\/wp\/v2\/types\/page"}],"author":[{"embeddable":true,"href":"https:\/\/tas.somosfiebre.com\/en\/wp-json\/wp\/v2\/users\/1"}],"replies":[{"embeddable":true,"href":"https:\/\/tas.somosfiebre.com\/en\/wp-json\/wp\/v2\/comments?post=1063"}],"version-history":[{"count":41,"href":"https:\/\/tas.somosfiebre.com\/en\/wp-json\/wp\/v2\/pages\/1063\/revisions"}],"predecessor-version":[{"id":18899,"href":"https:\/\/tas.somosfiebre.com\/en\/wp-json\/wp\/v2\/pages\/1063\/revisions\/18899"}],"wp:attachment":[{"href":"https:\/\/tas.somosfiebre.com\/en\/wp-json\/wp\/v2\/media?parent=1063"}],"curies":[{"name":"wp","href":"https:\/\/api.w.org\/{rel}","templated":true}]}}