{"id":1541,"date":"2025-03-27T09:09:22","date_gmt":"2025-03-27T09:09:22","guid":{"rendered":"https:\/\/wp.ravextheme.com\/arrox\/?page_id=1541"},"modified":"2026-01-22T15:50:28","modified_gmt":"2026-01-22T15:50:28","slug":"home","status":"publish","type":"page","link":"https:\/\/tas.somosfiebre.com\/en\/","title":{"rendered":"Home"},"content":{"rendered":"<div data-elementor-type=\"wp-page\" data-elementor-id=\"1541\" class=\"elementor elementor-1541\" data-elementor-post-type=\"page\">\n\t\t\t\t<div class=\"elementor-element elementor-element-801ead5 e-con-full e-flex e-con e-parent\" data-id=\"801ead5\" data-element_type=\"container\" data-e-type=\"container\" data-settings=\"{&quot;background_background&quot;:&quot;classic&quot;}\">\n\t\t<div class=\"elementor-element elementor-element-68be5c8 e-flex e-con-boxed e-con e-child\" data-id=\"68be5c8\" data-element_type=\"container\" data-e-type=\"container\" data-settings=\"{&quot;position&quot;:&quot;absolute&quot;}\">\n\t\t\t\t\t<div class=\"e-con-inner\">\n\t\t<div class=\"elementor-element elementor-element-404086f e-con-full e-flex e-con e-child\" data-id=\"404086f\" data-element_type=\"container\" data-e-type=\"container\" data-settings=\"{&quot;background_background&quot;:&quot;classic&quot;}\">\n\t\t\t\t<div class=\"elementor-element elementor-element-b24e145 elementor-widget elementor-widget-image\" data-id=\"b24e145\" data-element_type=\"widget\" data-e-type=\"widget\" data-widget_type=\"image.default\">\n\t\t\t\t\t\t\t\t\t\t\t\t\t\t\t<img fetchpriority=\"high\" decoding=\"async\" width=\"1821\" height=\"16151\" src=\"https:\/\/tas.somosfiebre.com\/wp-content\/uploads\/2025\/06\/ax-line-bg-dark.svg\" class=\"attachment-full size-full wp-image-15345\" alt=\"\" \/>\t\t\t\t\t\t\t\t\t\t\t\t\t\t\t<\/div>\n\t\t\t\t<div class=\"elementor-element elementor-element-10169ba elementor-widget elementor-widget-image\" data-id=\"10169ba\" data-element_type=\"widget\" data-e-type=\"widget\" data-widget_type=\"image.default\">\n\t\t\t\t\t\t\t\t\t\t\t\t\t\t\t<img fetchpriority=\"high\" decoding=\"async\" width=\"1821\" height=\"16151\" src=\"https:\/\/tas.somosfiebre.com\/wp-content\/uploads\/2025\/06\/ax-line-bg-dark.svg\" class=\"attachment-full size-full wp-image-15345\" alt=\"\" \/>\t\t\t\t\t\t\t\t\t\t\t\t\t\t\t<\/div>\n\t\t\t\t<\/div>\n\t\t\t\t\t<\/div>\n\t\t\t\t<\/div>\n\t\t<div class=\"elementor-element elementor-element-4387663 e-con-full elementor-hidden-widescreen elementor-hidden-desktop elementor-hidden-laptop elementor-hidden-tablet_extra elementor-hidden-tablet elementor-hidden-mobile_extra elementor-hidden-mobile e-flex e-con e-child\" data-id=\"4387663\" data-element_type=\"container\" data-e-type=\"container\" data-settings=\"{&quot;background_background&quot;:&quot;classic&quot;}\">\n\t\t\t\t<\/div>\n\t\t<div class=\"elementor-element elementor-element-c1fd4fa e-con-full e-flex e-con e-child\" data-id=\"c1fd4fa\" data-element_type=\"container\" data-e-type=\"container\" data-settings=\"{&quot;background_background&quot;:&quot;classic&quot;}\">\n\t\t<div class=\"elementor-element elementor-element-4b052da e-con-full e-flex e-con e-child\" data-id=\"4b052da\" data-element_type=\"container\" data-e-type=\"container\">\n\t\t<div class=\"elementor-element elementor-element-83c81c1 e-con-full e-flex e-con e-child\" data-id=\"83c81c1\" data-element_type=\"container\" data-e-type=\"container\">\n\t\t\t\t<div class=\"elementor-element elementor-element-37fca5f elementor-widget__width-initial elementor-widget elementor-widget-arrox-hero-animated-title\" data-id=\"37fca5f\" data-element_type=\"widget\" data-e-type=\"widget\" data-widget_type=\"arrox-hero-animated-title.default\">\n\t\t\t\t<div class=\"elementor-widget-container\">\n\t\t\t\t\t\r\n\t\t\r\n\t\t<div class=\"hero-area-2 arrox-el-section\">\r\n\t\t\t<div class=\"hero-area-2-inner\">\r\n\t\t\t\t<div class=\"section-header\">\r\n\t\t\t\t\t<div class=\"section-title-wrapper\">\r\n\t\t\t\t\t\t<div class=\"title-wrapper\">\r\n\t\t\t\t\t\t\t<h1 class=\"arrox-el-title section-title font-sequelsans-romanbody char-anim\" data-delay=\"0.45\" data-direction=\"left\">\r\n\t\t\t\t\t\t\t\t\t\t\t\t\t\t\t\t\tJoyas que nacen <br>\ndel oficio y\t\t\t\t\t\t\t\t\t\t\t\t\t\t\t\t\t\t\t\t\t\t\t\t<br>\r\n\r\n\t\t\t\t\t\t\t\t\r\n\t\t\t\t\t\t\t\t\t\t\t\t\t\t\t\t\tpermanecen<br>en la memoria\t\t\t\t\t\t\t\t\t\t\t\t\t\t\t<\/h1>\r\n\t\t\t\t\t\t<\/div>\r\n\t\t\t\t\t<\/div>\r\n\t\t\t\t<\/div>\r\n\t\t\t<\/div>\r\n\t\t<\/div>\r\n\r\n\t\t\t\t\t\t<\/div>\n\t\t\t\t<\/div>\n\t\t\t\t<\/div>\n\t\t<div class=\"elementor-element elementor-element-d8bcc2d e-con-full e-flex e-con e-child\" data-id=\"d8bcc2d\" data-element_type=\"container\" data-e-type=\"container\">\n\t\t\t\t<div class=\"elementor-element elementor-element-aaebeeb elementor-widget elementor-widget-image\" data-id=\"aaebeeb\" data-element_type=\"widget\" data-e-type=\"widget\" data-widget_type=\"image.default\">\n\t\t\t\t\t\t\t\t\t\t\t\t\t\t\t<img decoding=\"async\" width=\"2560\" height=\"1389\" src=\"https:\/\/tas.somosfiebre.com\/wp-content\/uploads\/2026\/01\/anillo_diseno_contemporaneo_joyas_tas-1-scaled.webp\" class=\"attachment-full size-full wp-image-18768\" alt=\"\" \/>\t\t\t\t\t\t\t\t\t\t\t\t\t\t\t<\/div>\n\t\t\t\t<\/div>\n\t\t\t\t<\/div>\n\t\t\t\t<\/div>\n\t\t<div class=\"elementor-element elementor-element-74daca5 e-flex e-con-boxed e-con e-child\" data-id=\"74daca5\" data-element_type=\"container\" data-e-type=\"container\" data-settings=\"{&quot;background_background&quot;:&quot;classic&quot;}\">\n\t\t\t\t\t<div class=\"e-con-inner\">\n\t\t<div class=\"elementor-element elementor-element-98b6508 e-con-full e-flex e-con e-child\" data-id=\"98b6508\" data-element_type=\"container\" data-e-type=\"container\">\n\t\t<div class=\"elementor-element elementor-element-4b1ccb4 e-con-full e-flex e-con e-child\" data-id=\"4b1ccb4\" data-element_type=\"container\" data-e-type=\"container\">\n\t\t<div class=\"elementor-element elementor-element-db4bf04 e-con-full e-flex e-con e-child\" data-id=\"db4bf04\" data-element_type=\"container\" data-e-type=\"container\" data-settings=\"{&quot;background_background&quot;:&quot;classic&quot;}\">\n\t\t<div class=\"elementor-element elementor-element-84ac7de e-con-full e-flex e-con e-child\" data-id=\"84ac7de\" data-element_type=\"container\" data-e-type=\"container\" data-settings=\"{&quot;background_background&quot;:&quot;classic&quot;}\">\n\t\t\t\t<div class=\"elementor-element elementor-element-a8649a4 elementor-widget-tablet__width-inherit elementor-widget elementor-widget-image\" data-id=\"a8649a4\" data-element_type=\"widget\" data-e-type=\"widget\" data-widget_type=\"image.default\">\n\t\t\t\t\t\t\t\t\t\t\t\t\t\t\t<img decoding=\"async\" width=\"2183\" height=\"1581\" src=\"https:\/\/tas.somosfiebre.com\/wp-content\/uploads\/2026\/01\/joyeria_tas_niessing.webp\" class=\"attachment-full size-full wp-image-18775\" alt=\"\" \/>\t\t\t\t\t\t\t\t\t\t\t\t\t\t\t<\/div>\n\t\t\t\t<div class=\"elementor-element elementor-element-5ac3ebe elementor-widget elementor-widget-heading\" data-id=\"5ac3ebe\" data-element_type=\"widget\" data-e-type=\"widget\" data-widget_type=\"heading.default\">\n\t\t\t\t\t<h2 class=\"elementor-heading-title elementor-size-default\">NIESSING <\/h2>\t\t\t\t<\/div>\n\t\t\t\t<div class=\"elementor-element elementor-element-533fabd elementor-align-center elementor-widget elementor-widget-button\" data-id=\"533fabd\" data-element_type=\"widget\" data-e-type=\"widget\" data-widget_type=\"button.default\">\n\t\t\t\t\t\t\t\t\t\t<a class=\"elementor-button elementor-button-link elementor-size-sm\" href=\"\/en\/niessing\/\">\n\t\t\t\t\t\t<span class=\"elementor-button-content-wrapper\">\n\t\t\t\t\t\t\t\t\t<span class=\"elementor-button-text\">M\u00e1s info<\/span>\n\t\t\t\t\t<\/span>\n\t\t\t\t\t<\/a>\n\t\t\t\t\t\t\t\t<\/div>\n\t\t\t\t<\/div>\n\t\t\t\t<\/div>\n\t\t<div class=\"elementor-element elementor-element-09d4247 e-con-full e-flex e-con e-child\" data-id=\"09d4247\" data-element_type=\"container\" data-e-type=\"container\" data-settings=\"{&quot;background_background&quot;:&quot;classic&quot;}\">\n\t\t<div class=\"elementor-element elementor-element-99844dd e-con-full e-flex e-con e-child\" data-id=\"99844dd\" data-element_type=\"container\" data-e-type=\"container\" data-settings=\"{&quot;background_background&quot;:&quot;classic&quot;}\">\n\t\t\t\t<div class=\"elementor-element elementor-element-f56f4e0 elementor-widget elementor-widget-image\" data-id=\"f56f4e0\" data-element_type=\"widget\" data-e-type=\"widget\" data-widget_type=\"image.default\">\n\t\t\t\t\t\t\t\t\t\t\t\t\t\t\t<img loading=\"lazy\" decoding=\"async\" width=\"2183\" height=\"1581\" src=\"https:\/\/tas.somosfiebre.com\/wp-content\/uploads\/2026\/01\/joyeria_tas_joyas_artesanas.webp\" class=\"attachment-full size-full wp-image-18774\" alt=\"\" \/>\t\t\t\t\t\t\t\t\t\t\t\t\t\t\t<\/div>\n\t\t\t\t<div class=\"elementor-element elementor-element-6901f12 elementor-widget elementor-widget-heading\" data-id=\"6901f12\" data-element_type=\"widget\" data-e-type=\"widget\" data-widget_type=\"heading.default\">\n\t\t\t\t\t<h2 class=\"elementor-heading-title elementor-size-default\">JOYAS TAS<\/h2>\t\t\t\t<\/div>\n\t\t\t\t<div class=\"elementor-element elementor-element-f8a5ad2 elementor-align-center elementor-widget elementor-widget-button\" data-id=\"f8a5ad2\" data-element_type=\"widget\" data-e-type=\"widget\" data-widget_type=\"button.default\">\n\t\t\t\t\t\t\t\t\t\t<a class=\"elementor-button elementor-button-link elementor-size-sm\" href=\"\/en\/joyas-tas\/\">\n\t\t\t\t\t\t<span class=\"elementor-button-content-wrapper\">\n\t\t\t\t\t\t\t\t\t<span class=\"elementor-button-text\">M\u00e1s info<\/span>\n\t\t\t\t\t<\/span>\n\t\t\t\t\t<\/a>\n\t\t\t\t\t\t\t\t<\/div>\n\t\t\t\t<\/div>\n\t\t\t\t<\/div>\n\t\t<div class=\"elementor-element elementor-element-02ab176 e-con-full e-flex e-con e-child\" data-id=\"02ab176\" data-element_type=\"container\" data-e-type=\"container\" data-settings=\"{&quot;background_background&quot;:&quot;classic&quot;}\">\n\t\t<div class=\"elementor-element elementor-element-b581a0e e-con-full e-flex e-con e-child\" data-id=\"b581a0e\" data-element_type=\"container\" data-e-type=\"container\" data-settings=\"{&quot;background_background&quot;:&quot;classic&quot;}\">\n\t\t\t\t<div class=\"elementor-element elementor-element-30017bd elementor-widget elementor-widget-image\" data-id=\"30017bd\" data-element_type=\"widget\" data-e-type=\"widget\" data-widget_type=\"image.default\">\n\t\t\t\t\t\t\t\t\t\t\t\t\t\t\t<img loading=\"lazy\" decoding=\"async\" width=\"2184\" height=\"1581\" src=\"https:\/\/tas.somosfiebre.com\/wp-content\/uploads\/2026\/01\/joyeria_tas_relojes_arne_jacobsen.webp\" class=\"attachment-full size-full wp-image-18773\" alt=\"\" \/>\t\t\t\t\t\t\t\t\t\t\t\t\t\t\t<\/div>\n\t\t\t\t<div class=\"elementor-element elementor-element-1978f9b elementor-widget elementor-widget-heading\" data-id=\"1978f9b\" data-element_type=\"widget\" data-e-type=\"widget\" data-widget_type=\"heading.default\">\n\t\t\t\t\t<h2 class=\"elementor-heading-title elementor-size-default\">ARNE JACOBSEN\n<\/h2>\t\t\t\t<\/div>\n\t\t\t\t<div class=\"elementor-element elementor-element-2c9425c elementor-align-center elementor-widget elementor-widget-button\" data-id=\"2c9425c\" data-element_type=\"widget\" data-e-type=\"widget\" data-widget_type=\"button.default\">\n\t\t\t\t\t\t\t\t\t\t<a class=\"elementor-button elementor-button-link elementor-size-sm\" href=\"\/en\/arne-jacobsen\/\">\n\t\t\t\t\t\t<span class=\"elementor-button-content-wrapper\">\n\t\t\t\t\t\t\t\t\t<span class=\"elementor-button-text\">M\u00e1s info<\/span>\n\t\t\t\t\t<\/span>\n\t\t\t\t\t<\/a>\n\t\t\t\t\t\t\t\t<\/div>\n\t\t\t\t<\/div>\n\t\t\t\t<\/div>\n\t\t\t\t<\/div>\n\t\t\t\t<\/div>\n\t\t\t\t\t<\/div>\n\t\t\t\t<\/div>\n\t\t<div class=\"elementor-element elementor-element-69bfb02 e-con-full e-flex e-con e-child\" data-id=\"69bfb02\" data-element_type=\"container\" data-e-type=\"container\" data-settings=\"{&quot;background_background&quot;:&quot;classic&quot;,&quot;shape_divider_top&quot;:&quot;split&quot;}\">\n\t\t\t\t<div class=\"elementor-shape elementor-shape-top\" aria-hidden=\"true\" data-negative=\"false\">\n\t\t\t<svg xmlns=\"http:\/\/www.w3.org\/2000\/svg\" viewbox=\"0 0 1000 20\" preserveaspectratio=\"none\">\n\t<path class=\"elementor-shape-fill\" d=\"M0,0v3c0,0,393.8,0,483.4,0c9.2,0,16.6,7.4,16.6,16.6c0-9.1,7.4-16.6,16.6-16.6C606.2,3,1000,3,1000,3V0H0z\"\/>\n<\/svg>\t\t<\/div>\n\t\t\t\t<div class=\"elementor-element elementor-element-55cfc34 elementor-widget elementor-widget-heading\" data-id=\"55cfc34\" data-element_type=\"widget\" data-e-type=\"widget\" data-widget_type=\"heading.default\">\n\t\t\t\t\t<h2 class=\"elementor-heading-title elementor-size-default\">JOYAS CONTEMPOR\u00c1NEAS TAS<\/h2>\t\t\t\t<\/div>\n\t\t\t\t<\/div>\n\t\t\t\t<\/div>\n\t\t\t\t<\/div>","protected":false},"excerpt":{"rendered":"<p>Joyas que nacen del oficio y permanecenen la memoria NIESSING M\u00e1s info JOYAS TAS M\u00e1s info ARNE JACOBSEN M\u00e1s info JOYAS CONTEMPOR\u00c1NEAS TAS<\/p>","protected":false},"author":1,"featured_media":0,"parent":0,"menu_order":0,"comment_status":"closed","ping_status":"closed","template":"elementor_header_footer","meta":{"footnotes":""},"class_list":["post-1541","page","type-page","status-publish","hentry"],"aioseo_notices":[],"_links":{"self":[{"href":"https:\/\/tas.somosfiebre.com\/en\/wp-json\/wp\/v2\/pages\/1541","targetHints":{"allow":["GET"]}}],"collection":[{"href":"https:\/\/tas.somosfiebre.com\/en\/wp-json\/wp\/v2\/pages"}],"about":[{"href":"https:\/\/tas.somosfiebre.com\/en\/wp-json\/wp\/v2\/types\/page"}],"author":[{"embeddable":true,"href":"https:\/\/tas.somosfiebre.com\/en\/wp-json\/wp\/v2\/users\/1"}],"replies":[{"embeddable":true,"href":"https:\/\/tas.somosfiebre.com\/en\/wp-json\/wp\/v2\/comments?post=1541"}],"version-history":[{"count":73,"href":"https:\/\/tas.somosfiebre.com\/en\/wp-json\/wp\/v2\/pages\/1541\/revisions"}],"predecessor-version":[{"id":18920,"href":"https:\/\/tas.somosfiebre.com\/en\/wp-json\/wp\/v2\/pages\/1541\/revisions\/18920"}],"wp:attachment":[{"href":"https:\/\/tas.somosfiebre.com\/en\/wp-json\/wp\/v2\/media?parent=1541"}],"curies":[{"name":"wp","href":"https:\/\/api.w.org\/{rel}","templated":true}]}}